{"id":289,"date":"2019-02-04T21:08:55","date_gmt":"2019-01-09T01:22:39","guid":{"rendered":"http:\/\/www.absolon.at\/ausstellungen-2\/"},"modified":"2022-07-15T16:39:32","modified_gmt":"2022-07-15T14:39:32","slug":"impressum","status":"publish","type":"page","link":"https:\/\/www.absolon.at\/en\/impressum\/","title":{"rendered":"Impressum"},"content":{"rendered":"","protected":false},"excerpt":{"rendered":"","protected":false},"author":1,"featured_media":0,"parent":0,"menu_order":11,"comment_status":"closed","ping_status":"closed","template":"","meta":[],"class_list":["post-289","page","type-page","status-publish","hentry"],"grid":"{\r\n  \"colCount\": 18,\r\n  \"colGutter\": 0.7,\r\n  \"rowGutters\": [],\r\n  \"frameMargin\": 3,\r\n  \"leftFrameMargin\": 0,\r\n  \"rightFrameMargin\": 0,\r\n  \"topFrameMargin\": 8,\r\n  \"bottomFrameMargin\": 0,\r\n  \"rowAttrs\": [\r\n    {\r\n      \"bgcolor\": \"#ffffff\"\r\n    }\r\n  ],\r\n  \"bgColor\": \"#ffffff\",\r\n  \"cont\": [\r\n    {\r\n      \"type\": \"text\",\r\n      \"cont\": \"<p class=\\\"_Fliex\u00dftest\\\"><span style=\\\"font-family: WorkSans-SemiBold;\\\">Impressum<\/span><br \/><span style=\\\"font-size: 15px;\\\"><span style=\\\"font-family: NHaasGroteskTXPro-55Rg;\\\">Nachlass Kurt Absolon<\/span><br \/><span style=\\\"font-family: NHaasGroteskTXPro-55Rg;\\\">Mag. Iris Absolon<\/span><br \/><span style=\\\"font-family: NHaasGroteskTXPro-55Rg;\\\"><a href=\\\"mailto:info@absolon.at\\\">info@absolon.at<\/a><\/span><br \/><\/span><\/p><p class=\\\"_Fliex\u00dftest\\\"><span style=\\\"font-family: WorkSans-SemiBold;\\\"><br \/>Copyright f\u00fcr Bilder und Texte<\/span><br \/><span style=\\\"font-size: 15px;\\\">Nachlass Kurt Absolon. Wir bitten sie um R\u00fccksprache mit uns, wenn sie Inhalte au\u00dferhalb dieser Website verwenden m\u00f6chten.<\/span><\/p><p class=\\\"_Fliex\u00dftest\\\"><span style=\\\"font-family: WorkSans-SemiBold;\\\">Datenschutzerkl\u00e4rung<\/span><br \/><span style=\\\"font-size: 15px;\\\">Wir legen gr\u00f6\u00dften Wert auf den Schutz Ihrer pers\u00f6nlichen Daten und nehmen diesen sehr ernst. Wir behandeln Ihre personenbezogenen Daten vertraulich und entsprechend der gesetzlichen Datenschutzvorschriften sowie dieser Datenschutzerkl\u00e4rung. Pers\u00f6nliche Daten, die Sie auf dieser Website elektronisch \u00fcbermitteln, wie zum Beispiel Name, E-Mail-Adresse, Adresse oder andere pers\u00f6nlichen Angaben, werden von uns nur zum jeweils angegebenen Zweck verwendet, sicher verwahrt und nicht an Dritte weitergegeben. Um Sie in vollem Umfang \u00fcber die Verwendung personenbezogener Daten zu informieren, bitten wir Sie die folgenden Datenschutzhinweise zur Kenntnis zu nehmen. Eine Nutzung der Internetseiten des Nachlasses Kurt Absolon ist grunds\u00e4tzlich ohne jede Angabe personenbezogener Daten m\u00f6glich. Sofern eine betroffene Person besondere Services unseres Unternehmens \u00fcber unsere Internetseite in Anspruch nehmen m\u00f6chte, k\u00f6nnte jedoch eine Verarbeitung personenbezogener Daten erforderlich werden. Soweit auf unseren Seiten personenbezogene Daten (beispielsweise Name, Anschrift oder E-Mail-Adressen) erhoben werden, erfolgt dies auf freiwilliger Basis. Ist die Verarbeitung personenbezogener Daten erforderlich und besteht f\u00fcr eine solche Verarbeitung keine gesetzliche Grundlage, holen wir generell eine Einwilligung der betroffenen Person ein. Wir weisen darauf hin, dass die Daten\u00fcbertragung im Internet (z. B. bei der Kommunikation per E-Mail) Sicherheitsl\u00fccken aufweisen kann. Ein l\u00fcckenloser Schutz der Daten vor dem Zugriff durch Dritte ist nicht m\u00f6glich.<\/span><\/p><p class=\\\"_Fliex\u00dftest\\\"><span style=\\\"font-family: WorkSans-SemiBold;\\\">Rechte<\/span><br \/><span style=\\\"font-size: 15px;\\\">Sie haben das vom Europ\u00e4ischen Richtlinien- und Verordnungsgeber einger\u00e4umte Recht, von dem f\u00fcr die Verarbeitung Verantwortlichen eine Best\u00e4tigung dar\u00fcber zu verlangen, ob sie betreffende personenbezogene Daten verarbeitet werden. M\u00f6chte eine betroffene Person dieses Best\u00e4tigungsrecht in Anspruch nehmen, kann sie sich hierzu jederzeit an unseren Datenschutzbeauftragten (info@absolon.at) f\u00fcr die Verarbeitung Verantwortlichen wenden.<\/span><\/p><p class=\\\"_Fliex\u00dftest\\\"><span style=\\\"font-family: WorkSans-SemiBold;\\\">Widerruf einer datenschutzrechtlichen Einwilligung<\/span><br \/><span style=\\\"font-size: 15px;\\\">Jede von der Verarbeitung personenbezogener Daten betroffene Person hat das vom Europ\u00e4ischen Richtlinien- und Verordnungsgeber gew\u00e4hrte Recht, eine Einwilligung zur Verarbeitung personenbezogener Daten jederzeit zu widerrufen. Sofern die L\u00f6schung von personenbezogenen Daten, die beim Nachlass Kurt Absolon gespeichert sind, gew\u00fcnscht wird, kann man sich hierzu jederzeit an unseren Datenschutzbeauftragten (siehe oben) des f\u00fcr die Verarbeitung Verantwortlichen wenden. Der Datenschutzbeauftragte Nachlass Kurt Absolon wird veranlassen, dass dem L\u00f6schverlangen unverz\u00fcglich nachgekommen wird. Sofern eine Einschr\u00e4nkung von personenbezogenen Daten, die beim Nachlass Kurt Absolon gespeichert sind, gew\u00fcnscht wird, kann man sich hierzu auch jederzeit an unseren Datenschutzbeauftragten des f\u00fcr die Verarbeitung Verantwortlichen wenden. Der Datenschutzbeauftragte Nachlass Kurt Absolon wird die Einschr\u00e4nkung der Verarbeitung veranlassen.<\/span><\/p><p class=\\\"_Fliex\u00dftest\\\">\u00a0<\/p><p>\u00a0<\/p><p>\u00a0<\/p>\",\r\n      \"align\": \"top\",\r\n      \"row\": 0,\r\n      \"col\": 5,\r\n      \"colspan\": 10,\r\n      \"offsetx\": 0,\r\n      \"offsety\": 0,\r\n      \"spaceabove\": 0,\r\n      \"spacebelow\": 1,\r\n      \"yvel\": 1,\r\n      \"push\": 5,\r\n      \"relid\": 4,\r\n      \"frameOverflow\": \"\"\r\n    }\r\n  ]\r\n}","phonegrid":"{\r\n  \"colCount\": 18,\r\n  \"colGutter\": 0.7,\r\n  \"rowGutters\": [],\r\n  \"frameMargin\": 5,\r\n  \"topFrameMargin\": 5,\r\n  \"bottomFrameMargin\": 0,\r\n  \"rowAttrs\": [\r\n    {}\r\n  ],\r\n  \"bgColor\": null,\r\n  \"cont\": [\r\n    {\r\n      \"type\": \"text\",\r\n      \"cont\": \"<p class=\\\"_Fliex\u00dftest\\\"><span style=\\\"font-family: WorkSans-SemiBold;\\\">Impressum<\/span><br \/><span style=\\\"font-size: 15px;\\\"><span style=\\\"font-family: NHaasGroteskTXPro-55Rg;\\\">Nachlass Kurt Absolon<\/span><br \/><span style=\\\"font-family: NHaasGroteskTXPro-55Rg;\\\">Mag. Iris Absolon<\/span><br \/><span style=\\\"font-family: NHaasGroteskTXPro-55Rg;\\\"><a href=\\\"mailto:info@absolon.at\\\">info@absolon.at<\/a><\/span><br \/><\/span><\/p><p class=\\\"_Fliex\u00dftest\\\"><span style=\\\"font-family: WorkSans-SemiBold;\\\"><br \/>Copyright f\u00fcr Bilder und Texte<\/span><br \/><span style=\\\"font-size: 15px;\\\">Nachlass Kurt Absolon. Wir bitten sie um R\u00fccksprache mit uns, wenn sie Inhalte au\u00dferhalb dieser Website verwenden m\u00f6chten.<\/span><\/p><p class=\\\"_Fliex\u00dftest\\\"><span style=\\\"font-family: WorkSans-SemiBold;\\\">Datenschutzerkl\u00e4rung<\/span><br \/><span style=\\\"font-size: 15px;\\\">Wir legen gr\u00f6\u00dften Wert auf den Schutz Ihrer pers\u00f6nlichen Daten und nehmen diesen sehr ernst. Wir behandeln Ihre personenbezogenen Daten vertraulich und entsprechend der gesetzlichen Datenschutzvorschriften sowie dieser Datenschutzerkl\u00e4rung. Pers\u00f6nliche Daten, die Sie auf dieser Website elektronisch \u00fcbermitteln, wie zum Beispiel Name, E-Mail-Adresse, Adresse oder andere pers\u00f6nlichen Angaben, werden von uns nur zum jeweils angegebenen Zweck verwendet, sicher verwahrt und nicht an Dritte weitergegeben. Um Sie in vollem Umfang \u00fcber die Verwendung personenbezogener Daten zu informieren, bitten wir Sie die folgenden Datenschutzhinweise zur Kenntnis zu nehmen. Eine Nutzung der Internetseiten des Nachlasses Kurt Absolon ist grunds\u00e4tzlich ohne jede Angabe personenbezogener Daten m\u00f6glich. Sofern eine betroffene Person besondere Services unseres Unternehmens \u00fcber unsere Internetseite in Anspruch nehmen m\u00f6chte, k\u00f6nnte jedoch eine Verarbeitung personenbezogener Daten erforderlich werden. Soweit auf unseren Seiten personenbezogene Daten (beispielsweise Name, Anschrift oder E-Mail-Adressen) erhoben werden, erfolgt dies auf freiwilliger Basis. Ist die Verarbeitung personenbezogener Daten erforderlich und besteht f\u00fcr eine solche Verarbeitung keine gesetzliche Grundlage, holen wir generell eine Einwilligung der betroffenen Person ein. Wir weisen darauf hin, dass die Daten\u00fcbertragung im Internet (z. B. bei der Kommunikation per E-Mail) Sicherheitsl\u00fccken aufweisen kann. Ein l\u00fcckenloser Schutz der Daten vor dem Zugriff durch Dritte ist nicht m\u00f6glich.<\/span><\/p><p class=\\\"_Fliex\u00dftest\\\"><span style=\\\"font-family: WorkSans-SemiBold;\\\">Rechte<\/span><br \/><span style=\\\"font-size: 15px;\\\">Sie haben das vom Europ\u00e4ischen Richtlinien- und Verordnungsgeber einger\u00e4umte Recht, von dem f\u00fcr die Verarbeitung Verantwortlichen eine Best\u00e4tigung dar\u00fcber zu verlangen, ob sie betreffende personenbezogene Daten verarbeitet werden. M\u00f6chte eine betroffene Person dieses Best\u00e4tigungsrecht in Anspruch nehmen, kann sie sich hierzu jederzeit an unseren Datenschutzbeauftragten (info@absolon.at) f\u00fcr die Verarbeitung Verantwortlichen wenden.<\/span><\/p><p class=\\\"_Fliex\u00dftest\\\"><span style=\\\"font-family: WorkSans-SemiBold;\\\">Widerruf einer datenschutzrechtlichen Einwilligung<\/span><br \/><span style=\\\"font-size: 15px;\\\">Jede von der Verarbeitung personenbezogener Daten betroffene Person hat das vom Europ\u00e4ischen Richtlinien- und Verordnungsgeber gew\u00e4hrte Recht, eine Einwilligung zur Verarbeitung personenbezogener Daten jederzeit zu widerrufen. Sofern die L\u00f6schung von personenbezogenen Daten, die beim Nachlass Kurt Absolon gespeichert sind, gew\u00fcnscht wird, kann man sich hierzu jederzeit an unseren Datenschutzbeauftragten (siehe oben) des f\u00fcr die Verarbeitung Verantwortlichen wenden. Der Datenschutzbeauftragte Nachlass Kurt Absolon wird veranlassen, dass dem L\u00f6schverlangen unverz\u00fcglich nachgekommen wird. Sofern eine Einschr\u00e4nkung von personenbezogenen Daten, die beim Nachlass Kurt Absolon gespeichert sind, gew\u00fcnscht wird, kann man sich hierzu auch jederzeit an unseren Datenschutzbeauftragten des f\u00fcr die Verarbeitung Verantwortlichen wenden. Der Datenschutzbeauftragte Nachlass Kurt Absolon wird die Einschr\u00e4nkung der Verarbeitung veranlassen.<\/span><\/p><p class=\\\"_Fliex\u00dftest\\\">\u00a0<\/p><p>\u00a0<\/p><p>\u00a0<\/p>\",\r\n      \"align\": \"top\",\r\n      \"row\": 0,\r\n      \"col\": 1,\r\n      \"colspan\": 17,\r\n      \"offsetx\": 0,\r\n      \"offsety\": 0,\r\n      \"spaceabove\": 0,\r\n      \"spacebelow\": 2,\r\n      \"yvel\": 1,\r\n      \"push\": 1,\r\n      \"relid\": 4,\r\n      \"frameOverflow\": \"\"\r\n    }\r\n  ]\r\n}","_links":{"self":[{"href":"https:\/\/www.absolon.at\/en\/wp-json\/wp\/v2\/pages\/289","targetHints":{"allow":["GET"]}}],"collection":[{"href":"https:\/\/www.absolon.at\/en\/wp-json\/wp\/v2\/pages"}],"about":[{"href":"https:\/\/www.absolon.at\/en\/wp-json\/wp\/v2\/types\/page"}],"author":[{"embeddable":true,"href":"https:\/\/www.absolon.at\/en\/wp-json\/wp\/v2\/users\/1"}],"replies":[{"embeddable":true,"href":"https:\/\/www.absolon.at\/en\/wp-json\/wp\/v2\/comments?post=289"}],"version-history":[{"count":0,"href":"https:\/\/www.absolon.at\/en\/wp-json\/wp\/v2\/pages\/289\/revisions"}],"wp:attachment":[{"href":"https:\/\/www.absolon.at\/en\/wp-json\/wp\/v2\/media?parent=289"}],"curies":[{"name":"wp","href":"https:\/\/api.w.org\/{rel}","templated":true}]}}